{"id":232,"date":"2024-07-31T21:00:05","date_gmt":"2024-07-31T21:00:05","guid":{"rendered":"https:\/\/stefanduermeier.com\/?page_id=232"},"modified":"2026-02-16T07:41:17","modified_gmt":"2026-02-16T07:41:17","slug":"cv","status":"publish","type":"page","link":"https:\/\/stefanduermeier.com\/de\/cv\/","title":{"rendered":"CV"},"content":{"rendered":"<p class=\"has-text-align-center animated fadeIn delay-200ms\"><strong>Gastforscheraufenthalte und Arbeitserfahrung (ausgew\u00e4hlte Eintr\u00e4ge)<\/strong><\/p>\n\n\n\n<div style=\"height:47px\" aria-hidden=\"true\" class=\"wp-block-spacer\"><\/div>\n\n\n\n<h4 id=\"wp-block-themeisle-blocks-advanced-heading-2e51c4f6\" class=\"wp-block-themeisle-blocks-advanced-heading wp-block-themeisle-blocks-advanced-heading-2e51c4f6 animated fadeIn delay-200ms\">04\/2024-heute<\/h4>\n\n\n\n<div id=\"wp-block-themeisle-blocks-advanced-heading-af24274b\" class=\"wp-block-themeisle-blocks-advanced-heading wp-block-themeisle-blocks-advanced-heading-af24274b animated fadeIn delay-200ms\"><strong>Freiberufliche T\u00e4tigkeit. Stefan D\u00fcrmeier \u2013 Makro\u00f6konomische Forschung und Mathematik Nachhilfe, Deutschland<\/strong>.<\/div>\n\n\n\n<p><\/p>\n\n\n\n<h4 id=\"wp-block-themeisle-blocks-advanced-heading-867f805f\" class=\"wp-block-themeisle-blocks-advanced-heading wp-block-themeisle-blocks-advanced-heading-867f805f animated fadeIn delay-200ms\">11\/2022-date &amp; 05\/2021-12\/2021&nbsp;&amp; 05\/2017-05\/2018 &amp; 03\/2016-06\/2016<\/h4>\n\n\n\n<div id=\"wp-block-themeisle-blocks-advanced-heading-5c08816c\" class=\"wp-block-themeisle-blocks-advanced-heading wp-block-themeisle-blocks-advanced-heading-5c08816c animated fadeIn delay-200ms\"><strong>Verschiedene Arbeitsformen. Mathematik Nachhilfe. Verschiedene, Deutschland <\/strong><\/div>\n\n\n\n<p><\/p>\n\n\n\n<h4 id=\"wp-block-themeisle-blocks-advanced-heading-93a2ac25\" class=\"wp-block-themeisle-blocks-advanced-heading wp-block-themeisle-blocks-advanced-heading-93a2ac25 animated fadeIn delay-200ms\">01\/2026-02\/2026<\/h4>\n\n\n\n<div id=\"wp-block-themeisle-blocks-advanced-heading-c794cf96\" class=\"wp-block-themeisle-blocks-advanced-heading wp-block-themeisle-blocks-advanced-heading-c794cf96 animated fadeIn delay-200ms\"><strong>Gastforscher. Fachbereich Volkswirtschaftslehre, University of Calcutta, Indien.<\/strong><\/div>\n\n\n\n<p><\/p>\n\n\n\n<h4 id=\"wp-block-themeisle-blocks-advanced-heading-847eb6c9\" class=\"wp-block-themeisle-blocks-advanced-heading wp-block-themeisle-blocks-advanced-heading-847eb6c9 animated fadeIn delay-200ms\">09\/2022<\/h4>\n\n\n\n<div id=\"wp-block-themeisle-blocks-advanced-heading-91711c6e\" class=\"wp-block-themeisle-blocks-advanced-heading wp-block-themeisle-blocks-advanced-heading-91711c6e animated fadeIn delay-200ms\"><strong>Gastforscher. Graduiertenschule Volkswirtschaftslehre, Osaka Metropolitan University, Japan.<\/strong><\/div>\n\n\n\n<p><\/p>\n\n\n\n<h4 id=\"wp-block-themeisle-blocks-advanced-heading-fc4367f7\" class=\"wp-block-themeisle-blocks-advanced-heading wp-block-themeisle-blocks-advanced-heading-fc4367f7 animated fadeIn delay-200ms\">08\/2021-09\/2022<\/h4>\n\n\n\n<div id=\"wp-block-themeisle-blocks-advanced-heading-a49c7fdc\" class=\"wp-block-themeisle-blocks-advanced-heading wp-block-themeisle-blocks-advanced-heading-a49c7fdc animated fadeIn delay-200ms\"><strong>Wissenschaftlicher Mitarbeiter. Professur f\u00fcr Volkswirtschaftslehre, insb. Angewandte Wirtschaftsforschung, Fakult\u00e4t Sozial- und Wirtschaftswissenschaften, Otto-Friedrich-Universit\u00e4t Bamberg, Deutschland.<\/strong>.<\/div>\n\n\n\n<p><\/p>\n\n\n\n<h4 id=\"wp-block-themeisle-blocks-advanced-heading-2e8d1149\" class=\"wp-block-themeisle-blocks-advanced-heading wp-block-themeisle-blocks-advanced-heading-2e8d1149 animated fadeIn delay-200ms\">08\/2019-09\/2020<strong> <\/strong>(davon 6 Monate \u00fcber Zeitarbeitsfirma)<\/h4>\n\n\n\n<div id=\"wp-block-themeisle-blocks-advanced-heading-075fc887\" class=\"wp-block-themeisle-blocks-advanced-heading wp-block-themeisle-blocks-advanced-heading-075fc887 animated fadeIn delay-200ms\"><strong>Mitarbeiter. Transactions. Super Circle Make Your Money Grow, ING Bank, Deutschland.<\/strong><\/div>\n\n\n\n<p><\/p>\n\n\n\n<h4 id=\"wp-block-themeisle-blocks-advanced-heading-d20097b0\" class=\"wp-block-themeisle-blocks-advanced-heading wp-block-themeisle-blocks-advanced-heading-d20097b0 animated fadeIn delay-200ms\">06\/2018-10\/2018 &amp; 02\/2019-09\/2019&nbsp;&nbsp;<strong>&nbsp;<\/strong><\/h4>\n\n\n\n<div id=\"wp-block-themeisle-blocks-advanced-heading-952d1d5d\" class=\"wp-block-themeisle-blocks-advanced-heading wp-block-themeisle-blocks-advanced-heading-952d1d5d animated fadeIn delay-200ms\"><strong>Freiberufliche T\u00e4tigkeit. Erste Hilfe Kursleiter. M-A-U-S Seminare gGmbH, Deutschland.<\/strong><\/div>\n\n\n\n<p><\/p>\n\n\n\n<h4 id=\"wp-block-themeisle-blocks-advanced-heading-3b1a896b\" class=\"wp-block-themeisle-blocks-advanced-heading wp-block-themeisle-blocks-advanced-heading-3b1a896b animated fadeIn delay-200ms\">11\/2018-01\/2019<\/h4>\n\n\n\n<div id=\"wp-block-themeisle-blocks-advanced-heading-c9492e8e\" class=\"wp-block-themeisle-blocks-advanced-heading wp-block-themeisle-blocks-advanced-heading-c9492e8e animated fadeIn delay-200ms\"><strong>Gastforscher. Makro\u00f6konomische Studien und Politik DIMAC, Instituto de Pesquisa Econ\u00f4mica Aplicada (Institute of Applied Economic Research) \u2013 IPEA, Brasilien.<\/strong><\/div>\n\n\n\n<p><\/p>\n\n\n\n<h4 id=\"wp-block-themeisle-blocks-advanced-heading-c4d395b7\" class=\"wp-block-themeisle-blocks-advanced-heading wp-block-themeisle-blocks-advanced-heading-c4d395b7 animated fadeIn delay-200ms\">11\/2013-01\/2014<\/h4>\n\n\n\n<div id=\"wp-block-themeisle-blocks-advanced-heading-97d58b5a\" class=\"wp-block-themeisle-blocks-advanced-heading wp-block-themeisle-blocks-advanced-heading-97d58b5a animated fadeIn delay-200ms\"><strong>Wissenschaftlicher Mitarbeiter. Institut f\u00fcr Volkswirtschaftslehre, Fakult\u00e4t f\u00fcr Wirtschaftswissenschaften, Universit\u00e4t Wien, \u00d6sterrreich.<\/strong><\/div>\n\n\n\n<p><\/p>\n\n\n\n<h4 id=\"wp-block-themeisle-blocks-advanced-heading-b0d495bc\" class=\"wp-block-themeisle-blocks-advanced-heading wp-block-themeisle-blocks-advanced-heading-b0d495bc animated fadeIn delay-200ms\">09\/2012-03\/2013<\/h4>\n\n\n\n<div id=\"wp-block-themeisle-blocks-advanced-heading-226bc40f\" class=\"wp-block-themeisle-blocks-advanced-heading wp-block-themeisle-blocks-advanced-heading-226bc40f animated fadeIn delay-200ms\"><strong>Werkstudent. Industrial Automation Systems Project Procurement. Siemens Industry, Siemens AG, Deutschland.<\/strong><\/div>\n\n\n\n<div style=\"height:47px\" aria-hidden=\"true\" class=\"wp-block-spacer\"><\/div>\n\n\n\n<p class=\"has-text-align-center animated fadeIn delay-200ms\"><strong>Ausbildung (ausgew\u00e4hlte Eintr\u00e4ge)<\/strong><\/p>\n\n\n\n<div style=\"height:47px\" aria-hidden=\"true\" class=\"wp-block-spacer\"><\/div>\n\n\n\n<h4 id=\"wp-block-themeisle-blocks-advanced-heading-db36373b\" class=\"wp-block-themeisle-blocks-advanced-heading wp-block-themeisle-blocks-advanced-heading-db36373b animated fadeIn delay-200ms\">07\/2025-heute<\/h4>\n\n\n\n<div id=\"wp-block-themeisle-blocks-advanced-heading-295f5c39\" class=\"wp-block-themeisle-blocks-advanced-heading wp-block-themeisle-blocks-advanced-heading-295f5c39 animated fadeIn delay-200ms\"><strong>PhD in Economics and Finance, Karls-Universit\u00e4t in Prag.<\/strong><\/div>\n\n\n\n<p><\/p>\n\n\n\n<h4 id=\"wp-block-themeisle-blocks-advanced-heading-1eb7a252\" class=\"wp-block-themeisle-blocks-advanced-heading wp-block-themeisle-blocks-advanced-heading-1eb7a252 animated fadeIn delay-200ms\">08\/2021-08\/2022<\/h4>\n\n\n\n<div id=\"wp-block-themeisle-blocks-advanced-heading-a17bfc4f\" class=\"wp-block-themeisle-blocks-advanced-heading wp-block-themeisle-blocks-advanced-heading-a17bfc4f animated fadeIn delay-200ms\"><strong>Bavarian Graduate Program in Economics (nicht in Doktorandenstudium eingeschrieben).<\/strong><\/div>\n\n\n\n<p><\/p>\n\n\n\n<h4 id=\"wp-block-themeisle-blocks-advanced-heading-453c4eb1\" class=\"wp-block-themeisle-blocks-advanced-heading wp-block-themeisle-blocks-advanced-heading-453c4eb1 animated fadeIn delay-200ms\">09\/2021-03\/2022 &amp; 05\/2020-08\/2020<\/h4>\n\n\n\n<div id=\"wp-block-themeisle-blocks-advanced-heading-aaca1bf7\" class=\"wp-block-themeisle-blocks-advanced-heading wp-block-themeisle-blocks-advanced-heading-aaca1bf7 animated fadeIn delay-200ms\"><strong>Kurse zu Fiskalpolitik, Steuersch\u00e4tzung<\/strong><strong>, Geldpolitik und Finanzmarktanalyse, IMF Capacity Development, Internationaler W\u00e4hrungsfonds (IWF).<\/strong><\/div>\n\n\n\n<p><\/p>\n\n\n\n<h4 id=\"wp-block-themeisle-blocks-advanced-heading-c97122bd\" class=\"wp-block-themeisle-blocks-advanced-heading wp-block-themeisle-blocks-advanced-heading-c97122bd animated fadeIn delay-200ms\">10\/2013-12\/2016<\/h4>\n\n\n\n<div id=\"wp-block-themeisle-blocks-advanced-heading-0f6075b8\" class=\"wp-block-themeisle-blocks-advanced-heading wp-block-themeisle-blocks-advanced-heading-0f6075b8 animated fadeIn delay-200ms\"><strong>Master of Science Studium Volkswirtschaftslehre, Universit\u00e4t Wien.<\/strong><\/div>\n\n\n\n<p><\/p>\n\n\n\n<h4 id=\"wp-block-themeisle-blocks-advanced-heading-aab52f79\" class=\"wp-block-themeisle-blocks-advanced-heading wp-block-themeisle-blocks-advanced-heading-aab52f79 animated fadeIn delay-200ms\">10\/2010-08\/2013<\/h4>\n\n\n\n<div id=\"wp-block-themeisle-blocks-advanced-heading-b9968f67\" class=\"wp-block-themeisle-blocks-advanced-heading wp-block-themeisle-blocks-advanced-heading-b9968f67 animated fadeIn delay-200ms\"><strong>Bakkalaureatsstudium Volkswirtschaftslehre, Universit\u00e4t Wien.<\/strong><\/div>\n\n\n\n<p><\/p>\n\n\n\n<h4 id=\"wp-block-themeisle-blocks-advanced-heading-053de846\" class=\"wp-block-themeisle-blocks-advanced-heading wp-block-themeisle-blocks-advanced-heading-053de846 animated fadeIn delay-200ms\">10\/2005-09\/2010<\/h4>\n\n\n\n<div id=\"wp-block-themeisle-blocks-advanced-heading-14995267\" class=\"wp-block-themeisle-blocks-advanced-heading wp-block-themeisle-blocks-advanced-heading-14995267 animated fadeIn delay-200ms\"><strong>Bakkalaureatsstudium Betriebswirtschaftslehre (nicht abgeschlossen), Universit\u00e4t Wien.<\/strong><\/div>\n\n\n\n<p><\/p>\n\n\n\n<h4 id=\"wp-block-themeisle-blocks-advanced-heading-b84a643d\" class=\"wp-block-themeisle-blocks-advanced-heading wp-block-themeisle-blocks-advanced-heading-b84a643d animated fadeIn delay-200ms\">01-05\/2008<\/h4>\n\n\n\n<div id=\"wp-block-themeisle-blocks-advanced-heading-0a537cb0\" class=\"wp-block-themeisle-blocks-advanced-heading wp-block-themeisle-blocks-advanced-heading-0a537cb0 animated fadeIn delay-200ms\"><strong>Erasmus Austauschsemester, Bayes Business School (zuvor CASS Business School), City, University of London<\/strong><strong>.<\/strong><\/div>\n\n\n\n<div style=\"height:47px\" aria-hidden=\"true\" class=\"wp-block-spacer\"><\/div>","protected":false},"excerpt":{"rendered":"<p>Visiting researcher stays and employment history (selected items) Education (selected items)<\/p>","protected":false},"author":1,"featured_media":0,"parent":0,"menu_order":0,"comment_status":"closed","ping_status":"closed","template":"","meta":{"_themeisle_gutenberg_block_has_review":false,"footnotes":""},"class_list":["post-232","page","type-page","status-publish","hentry"],"_links":{"self":[{"href":"https:\/\/stefanduermeier.com\/de\/wp-json\/wp\/v2\/pages\/232","targetHints":{"allow":["GET"]}}],"collection":[{"href":"https:\/\/stefanduermeier.com\/de\/wp-json\/wp\/v2\/pages"}],"about":[{"href":"https:\/\/stefanduermeier.com\/de\/wp-json\/wp\/v2\/types\/page"}],"author":[{"embeddable":true,"href":"https:\/\/stefanduermeier.com\/de\/wp-json\/wp\/v2\/users\/1"}],"replies":[{"embeddable":true,"href":"https:\/\/stefanduermeier.com\/de\/wp-json\/wp\/v2\/comments?post=232"}],"version-history":[{"count":46,"href":"https:\/\/stefanduermeier.com\/de\/wp-json\/wp\/v2\/pages\/232\/revisions"}],"predecessor-version":[{"id":1058,"href":"https:\/\/stefanduermeier.com\/de\/wp-json\/wp\/v2\/pages\/232\/revisions\/1058"}],"wp:attachment":[{"href":"https:\/\/stefanduermeier.com\/de\/wp-json\/wp\/v2\/media?parent=232"}],"curies":[{"name":"wp","href":"https:\/\/api.w.org\/{rel}","templated":true}]}}