{"id":406,"date":"2024-08-18T12:18:23","date_gmt":"2024-08-18T12:18:23","guid":{"rendered":"https:\/\/stefanduermeier.com\/?page_id=406"},"modified":"2025-07-27T09:45:33","modified_gmt":"2025-07-27T09:45:33","slug":"macroeconomic-analysis","status":"publish","type":"page","link":"https:\/\/stefanduermeier.com\/de\/macroeconomic-analysis\/","title":{"rendered":"Makro\u00f6konomische Analyse"},"content":{"rendered":"<div class=\"wp-block-group alignfull animated fadeIn delay-200ms has-ti-fg-alt-color has-ti-bg-inv-background-color has-text-color has-background has-link-color has-small-font-size wp-elements-ceb8b8d181add8f3352db6d40632227a is-content-justification-center is-layout-constrained wp-block-group-is-layout-constrained\" style=\"margin-top:0px;margin-bottom:0px;padding-top:0px;padding-bottom:0px\">\n<div class=\"wp-block-columns alignfull is-layout-flex wp-container-core-columns-is-layout-aca22cf8 wp-block-columns-is-layout-flex\">\n<div class=\"wp-block-column is-vertically-aligned-center has-small-font-size is-layout-flow wp-block-column-is-layout-flow\" style=\"padding-top:40px;padding-right:40px;padding-bottom:40px;padding-left:40px\">\n<div class=\"wp-block-group is-content-justification-right is-layout-constrained wp-container-core-group-is-layout-b56c975b wp-block-group-is-layout-constrained\">\n<h2 class=\"wp-block-heading\" style=\"font-size:17px\">Wissenschaftsbasierte Analyse<\/h2>\n\n\n\n<p class=\"has-text-align-left\" style=\"font-size:17px\">Abh\u00e4ngig von den spezifischen Bed\u00fcrfnissen und der Wirtschaft, umfasst die Analyse Konjunktur, Fiskalpolitik, Geldpolitik wie auch Prognosen makro\u00f6konomischer Aggregate.<\/p>\n<\/div>\n<\/div>\n\n\n\n<div class=\"wp-block-column is-layout-flow wp-block-column-is-layout-flow\">\n<figure class=\"wp-block-image size-full is-resized is-style-default\" style=\"padding-top:40px;padding-right:40px;padding-bottom:40px;padding-left:40px\"><img loading=\"lazy\" decoding=\"async\" width=\"370\" height=\"307\" src=\"https:\/\/stefanduermeier.com\/wp-content\/uploads\/2024\/10\/Sovereign_debt.jpg\" alt=\"\" class=\"wp-image-829\" style=\"width:343px;height:auto\" srcset=\"https:\/\/stefanduermeier.com\/wp-content\/uploads\/2024\/10\/Sovereign_debt.jpg 370w, https:\/\/stefanduermeier.com\/wp-content\/uploads\/2024\/10\/Sovereign_debt-300x249.jpg 300w, https:\/\/stefanduermeier.com\/wp-content\/uploads\/2024\/10\/Sovereign_debt-14x12.jpg 14w\" sizes=\"auto, (max-width: 370px) 100vw, 370px\" \/><figcaption class=\"wp-element-caption\"><span class=\"highlight\"><mark style=\"background-color:#232D49\" class=\"has-inline-color has-ti-fg-alt-color\">Quelle: Eigene Berechnungen.<\/mark><\/span><\/figcaption><\/figure>\n<\/div>\n<\/div>\n<\/div>\n\n\n\n<div style=\"height:34px\" aria-hidden=\"true\" class=\"wp-block-spacer\"><\/div>\n\n\n\n<div class=\"wp-block-group alignfull animated fadeIn delay-200ms is-layout-constrained wp-container-core-group-is-layout-4b87db4f wp-block-group-is-layout-constrained\" style=\"margin-top:0px;margin-bottom:0px;padding-top:64px;padding-bottom:64px\">\n<h5 class=\"wp-block-heading\">Methodik<\/h5>\n\n\n\n<p style=\"font-size:17px\">Die angewandte Methodik setzt sich vorallem aus strukturellen Gleichgewichtsmodellen und \u00f6konometrischen Modellen zusammen.<\/p>\n<\/div>\n\n\n\n<div class=\"wp-block-group alignfull animated fadeIn delay-200ms has-ti-fg-alt-color has-ti-bg-inv-background-color has-text-color has-background is-layout-constrained wp-container-core-group-is-layout-1eec4d3c wp-block-group-is-layout-constrained\" style=\"margin-top:0px;margin-bottom:0px;padding-top:32px;padding-bottom:32px\">\n<div class=\"wp-block-columns alignwide are-vertically-aligned-center is-layout-flex wp-container-core-columns-is-layout-28f84493 wp-block-columns-is-layout-flex\">\n<div class=\"wp-block-column is-vertically-aligned-center is-layout-flow wp-block-column-is-layout-flow\" style=\"flex-basis:70%\">\n<p class=\"has-text-align-center\" style=\"font-size:17px\">Diese Seite listet meine wissenschaftlichen Arbeiten nach der Masterarbeit auf<\/p>\n<\/div>\n\n\n\n<div class=\"wp-block-column is-layout-flow wp-block-column-is-layout-flow\"><\/div>\n\n\n\n<div class=\"wp-block-column is-vertically-aligned-center is-layout-flow wp-block-column-is-layout-flow\" style=\"flex-basis:30%\">\n<div class=\"wp-block-buttons is-content-justification-center is-layout-flex wp-container-core-buttons-is-layout-a89b3969 wp-block-buttons-is-layout-flex\">\n<div class=\"wp-block-button has-custom-width wp-block-button__width-100\"><a class=\"wp-block-button__link has-custom-font-size wp-element-button\" href=\"https:\/\/stefanduermeier.com\/de\/research\/\" style=\"font-size:17px\">Forschung<\/a><\/div>\n<\/div>\n<\/div>\n<\/div>\n<\/div>\n\n\n\n<div class=\"wp-block-group alignfull animated fadeIn delay-200ms is-layout-constrained wp-container-core-group-is-layout-4b87db4f wp-block-group-is-layout-constrained\" style=\"margin-top:0px;margin-bottom:0px;padding-top:64px;padding-bottom:64px\">\n<h5 class=\"wp-block-heading\">Angebot <\/h5>\n\n\n\n<p style=\"font-size:17px\">Die Arbeit wird mobil und\/oder vorort innerhalb eines Forschungsaufenthaltes angeboten. Die Zielgruppe sind \u00f6ffentliche Institutionen und Universit\u00e4ten.<\/p>\n<\/div>\n\n\n\n<div style=\"height:34px\" aria-hidden=\"true\" class=\"wp-block-spacer\"><\/div>\n\n\n\n<div class=\"wp-block-group alignfull animated fadeIn delay-200ms has-ti-fg-alt-color has-ti-bg-inv-background-color has-text-color has-background is-layout-constrained wp-container-core-group-is-layout-1eec4d3c wp-block-group-is-layout-constrained\" style=\"margin-top:0px;margin-bottom:0px;padding-top:32px;padding-bottom:32px\">\n<div class=\"wp-block-columns alignwide are-vertically-aligned-center is-layout-flex wp-container-core-columns-is-layout-28f84493 wp-block-columns-is-layout-flex\">\n<div class=\"wp-block-column is-vertically-aligned-center is-layout-flow wp-block-column-is-layout-flow\" style=\"flex-basis:70%\">\n<p class=\"has-text-align-center\" style=\"font-size:17px\">F\u00fcr alles Weitere, kontaktieren Sie mich bitte<\/p>\n<\/div>\n\n\n\n<div class=\"wp-block-column is-layout-flow wp-block-column-is-layout-flow\"><\/div>\n\n\n\n<div class=\"wp-block-column is-vertically-aligned-center is-layout-flow wp-block-column-is-layout-flow\" style=\"flex-basis:30%\">\n<div class=\"wp-block-buttons is-content-justification-center is-layout-flex wp-container-core-buttons-is-layout-a89b3969 wp-block-buttons-is-layout-flex\">\n<div class=\"wp-block-button has-custom-width wp-block-button__width-100\"><a class=\"wp-block-button__link has-custom-font-size wp-element-button\" href=\"https:\/\/stefanduermeier.com\/de\/contact\/\" style=\"font-size:17px\">Kontakt<\/a><\/div>\n<\/div>\n<\/div>\n<\/div>\n<\/div>\n\n\n\n<div style=\"height:34px\" aria-hidden=\"true\" class=\"wp-block-spacer\"><\/div>","protected":false},"excerpt":{"rendered":"<p>Rigourous analysis based on scientific methods Depending on the specific needs and economy, the analysis covers business cycle analysis, fiscal policy, monetary policy as well as forecasting of macroeconomic aggregates. Methodology The methodology applied comprises primarily structural, general equilibrium models and econometric models. This page covers my academic writing after the master&#8217;s thesis Offer The [&hellip;]<\/p>\n","protected":false},"author":1,"featured_media":0,"parent":0,"menu_order":0,"comment_status":"closed","ping_status":"closed","template":"","meta":{"_themeisle_gutenberg_block_has_review":false,"footnotes":""},"class_list":["post-406","page","type-page","status-publish","hentry"],"_links":{"self":[{"href":"https:\/\/stefanduermeier.com\/de\/wp-json\/wp\/v2\/pages\/406","targetHints":{"allow":["GET"]}}],"collection":[{"href":"https:\/\/stefanduermeier.com\/de\/wp-json\/wp\/v2\/pages"}],"about":[{"href":"https:\/\/stefanduermeier.com\/de\/wp-json\/wp\/v2\/types\/page"}],"author":[{"embeddable":true,"href":"https:\/\/stefanduermeier.com\/de\/wp-json\/wp\/v2\/users\/1"}],"replies":[{"embeddable":true,"href":"https:\/\/stefanduermeier.com\/de\/wp-json\/wp\/v2\/comments?post=406"}],"version-history":[{"count":46,"href":"https:\/\/stefanduermeier.com\/de\/wp-json\/wp\/v2\/pages\/406\/revisions"}],"predecessor-version":[{"id":1035,"href":"https:\/\/stefanduermeier.com\/de\/wp-json\/wp\/v2\/pages\/406\/revisions\/1035"}],"wp:attachment":[{"href":"https:\/\/stefanduermeier.com\/de\/wp-json\/wp\/v2\/media?parent=406"}],"curies":[{"name":"wp","href":"https:\/\/api.w.org\/{rel}","templated":true}]}}