{"id":508,"date":"2024-09-05T12:15:05","date_gmt":"2024-09-05T12:15:05","guid":{"rendered":"https:\/\/stefanduermeier.com\/?page_id=508"},"modified":"2025-10-20T09:59:57","modified_gmt":"2025-10-20T09:59:57","slug":"mathematics-tutoring","status":"publish","type":"page","link":"https:\/\/stefanduermeier.com\/de\/mathematics-tutoring\/","title":{"rendered":"Mathematik Nachhilfe"},"content":{"rendered":"<div class=\"wp-block-group alignfull animated fadeIn delay-200ms is-layout-constrained wp-container-core-group-is-layout-4b87db4f wp-block-group-is-layout-constrained\" style=\"margin-top:0px;margin-bottom:0px;padding-top:64px;padding-bottom:64px\">\n<h5 class=\"wp-block-heading\">\u00dcbersicht<\/h5>\n\n\n\n<ul class=\"wp-block-list\">\n<li style=\"font-size:17px\">Online Unterricht via Zoom mit maximal drei Sch\u00fclern derselben Jahrgangsstufe<\/li>\n\n\n\n<li style=\"font-size:17px\">Derselbe Lehrinhalt durch denselben Lehrplan in jeder Jahrgangsstufe, Gymnasium Bayern<\/li>\n\n\n\n<li style=\"font-size:17px\">Preis pro Einheit von 60 Minuten: EUR 15,00<\/li>\n\n\n\n<li style=\"font-size:17px\">M\u00f6glichkeit von Einzelunterricht stattdessen, Preis pro Einheit von 60 Minuten: EUR 27,00<\/li>\n\n\n\n<li style=\"font-size:17px\">Regelm\u00e4\u00dfiger \/ w\u00f6chentlicher Unterricht au\u00dferhalb der Schulferien<\/li>\n\n\n\n<li style=\"font-size:17px\">Jederzeit beidseitig k\u00fcndbar<\/li>\n\n\n\n<li style=\"font-size:17px\">M\u00f6glichkeit eines vorigen Gespr\u00e4chs und Vereinbarung einer kostenlosen Probeeinheit<\/li>\n<\/ul>\n<\/div>\n\n\n\n<div style=\"height:34px\" aria-hidden=\"true\" class=\"wp-block-spacer\"><\/div>\n\n\n\n<div class=\"wp-block-group alignfull animated fadeIn delay-200ms has-ti-fg-alt-color has-ti-bg-inv-background-color has-text-color has-background is-layout-constrained wp-container-core-group-is-layout-1eec4d3c wp-block-group-is-layout-constrained\" style=\"margin-top:0px;margin-bottom:0px;padding-top:32px;padding-bottom:32px\">\n<div class=\"wp-block-columns alignwide are-vertically-aligned-center is-layout-flex wp-container-core-columns-is-layout-28f84493 wp-block-columns-is-layout-flex\">\n<div class=\"wp-block-column is-vertically-aligned-center is-layout-flow wp-block-column-is-layout-flow\" style=\"flex-basis:70%\">\n<p class=\"has-text-align-center\" style=\"font-size:17px\">Auf diese Seite sind vergangene Lehrerfahrungen und weitere Stationen zusammengefasst<\/p>\n<\/div>\n\n\n\n<div class=\"wp-block-column is-layout-flow wp-block-column-is-layout-flow\"><\/div>\n\n\n\n<div class=\"wp-block-column is-vertically-aligned-center is-layout-flow wp-block-column-is-layout-flow\" style=\"flex-basis:30%\">\n<div class=\"wp-block-buttons is-content-justification-center is-layout-flex wp-container-core-buttons-is-layout-a89b3969 wp-block-buttons-is-layout-flex\">\n<div class=\"wp-block-button has-custom-width wp-block-button__width-100\"><a class=\"wp-block-button__link has-custom-font-size wp-element-button\" href=\"https:\/\/stefanduermeier.com\/de\/cv\/\" style=\"font-size:17px\">CV<\/a><\/div>\n<\/div>\n<\/div>\n<\/div>\n<\/div>\n\n\n\n<div style=\"height:34px\" aria-hidden=\"true\" class=\"wp-block-spacer\"><\/div>\n\n\n\n<div class=\"wp-block-group alignfull animated fadeIn delay-200ms is-layout-constrained wp-container-core-group-is-layout-4b87db4f wp-block-group-is-layout-constrained\" style=\"margin-top:0px;margin-bottom:0px;padding-top:64px;padding-bottom:64px\">\n<h5 class=\"wp-block-heading\">Aktuell verf\u00fcgbare Termine (Bitte auf Klasse klicken)<\/h5>\n\n\n\n<details class=\"wp-block-details is-layout-flow wp-block-details-is-layout-flow\" style=\"font-size:17px\"><summary>10. Klasse<\/summary>\n<p><\/p>\n<\/details>\n\n\n\n<details class=\"wp-block-details is-layout-flow wp-block-details-is-layout-flow\" style=\"font-size:17px\"><summary>11. Klasse<\/summary>\n<p><\/p>\n<\/details>\n\n\n\n<details class=\"wp-block-details is-layout-flow wp-block-details-is-layout-flow\" style=\"font-size:17px\"><summary>12. Klasse<\/summary>\n<p><\/p>\n<\/details>\n\n\n\n<details class=\"wp-block-details is-layout-flow wp-block-details-is-layout-flow\" style=\"font-size:17px\"><summary>13. Klasse<\/summary>\n<p><\/p>\n<\/details>\n<\/div>\n\n\n\n<div style=\"height:34px\" aria-hidden=\"true\" class=\"wp-block-spacer\"><\/div>\n\n\n\n<div class=\"wp-block-group alignfull animated fadeIn delay-200ms has-ti-fg-alt-color has-ti-bg-inv-background-color has-text-color has-background is-layout-constrained wp-container-core-group-is-layout-1eec4d3c wp-block-group-is-layout-constrained\" style=\"margin-top:0px;margin-bottom:0px;padding-top:32px;padding-bottom:32px\">\n<div class=\"wp-block-columns alignwide are-vertically-aligned-center is-layout-flex wp-container-core-columns-is-layout-28f84493 wp-block-columns-is-layout-flex\">\n<div class=\"wp-block-column is-vertically-aligned-center is-layout-flow wp-block-column-is-layout-flow\" style=\"flex-basis:70%\">\n<p class=\"has-text-align-center\" style=\"font-size:17px\">Kein passender Termin dabei? Gerne pr\u00fcfe ich weitere Verf\u00fcgbarkeiten<\/p>\n<\/div>\n\n\n\n<div class=\"wp-block-column is-layout-flow wp-block-column-is-layout-flow\"><\/div>\n\n\n\n<div class=\"wp-block-column is-vertically-aligned-center is-layout-flow wp-block-column-is-layout-flow\" style=\"flex-basis:30%\">\n<div class=\"wp-block-buttons is-content-justification-center is-layout-flex wp-container-core-buttons-is-layout-a89b3969 wp-block-buttons-is-layout-flex\">\n<div class=\"wp-block-button has-custom-width wp-block-button__width-100\"><a class=\"wp-block-button__link has-custom-font-size wp-element-button\" href=\"https:\/\/stefanduermeier.com\/de\/contact\/\" style=\"font-size:17px\">Kontakt<\/a><\/div>\n<\/div>\n<\/div>\n<\/div>\n<\/div>\n\n\n\n<div style=\"height:34px\" aria-hidden=\"true\" class=\"wp-block-spacer\"><\/div>\n\n\n\n<div class=\"wp-block-group alignfull animated fadeIn delay-200ms is-layout-constrained wp-container-core-group-is-layout-4b87db4f wp-block-group-is-layout-constrained\" style=\"margin-top:0px;margin-bottom:0px;padding-top:64px;padding-bottom:64px\">\n<div class=\"wp-block-columns are-vertically-aligned-center is-layout-flex wp-container-core-columns-is-layout-28f84493 wp-block-columns-is-layout-flex\">\n<div class=\"wp-block-column is-vertically-aligned-center animated fadeIn delay-200ms is-layout-flow wp-block-column-is-layout-flow\" style=\"flex-basis:100%\">\n<p class=\"has-text-align-center\"><strong>Die Lehrpl\u00e4ne der einzelnen Klassen und weiterf\u00fchrende Informationen:<\/strong><\/p>\n<\/div>\n<\/div>\n\n\n\n<div id=\"wp-block-themeisle-blocks-accordion-e92a1db5\" class=\"wp-block-themeisle-blocks-accordion exclusive\">\n<details class=\"wp-block-themeisle-blocks-accordion-item\"><summary class=\"wp-block-themeisle-blocks-accordion-item__title\"><div>10. Klasse<\/div><\/summary><div class=\"wp-block-themeisle-blocks-accordion-item__content\">\n<p style=\"font-size:17px\">Der aktuelle Lehrplan der 10. Klasse, Gymnasium Bayern, setzt sich aus folgenden Bestandteilen zusammen: <\/p>\n\n\n\n<ul style=\"font-size:17px\" class=\"wp-block-list\">\n<li>Exponentielles Wachstum und Logarithmus<\/li>\n\n\n\n<li style=\"font-size:17px\">Zusammengesetzte Zufallsexperimente und stochastische Simulationen<\/li>\n\n\n\n<li>Sinus- und Kosinusfunktion<\/li>\n\n\n\n<li>Ganzrationale Funktionen<\/li>\n\n\n\n<li>Fortf\u00fchrung der Raumgeometrie<\/li>\n<\/ul>\n\n\n\n<p style=\"font-size:17px\">Detailliertere Inhalte, Kompetenzerwartungen und eine ungef\u00e4hre Angabe der Unterrichtsstunden zu den jeweiligen Bereichen k\u00f6nnen der Internetseite des Staatsinstituts f\u00fcr Schulqualit\u00e4t und Bildungsforschung M\u00fcnchen entnommen werden: <a href=\"https:\/\/www.lehrplanplus.bayern.de\/fachlehrplan\/gymnasium\/10\/mathematik\" target=\"_blank\" rel=\"noreferrer noopener\">https:\/\/www.lehrplanplus.bayern.de\/fachlehrplan\/gymnasium\/10\/mathematik<\/a><\/p>\n<\/div><\/details>\n\n\n\n<details class=\"wp-block-themeisle-blocks-accordion-item\"><summary class=\"wp-block-themeisle-blocks-accordion-item__title\"><div>11. Klasse<\/div><\/summary><div class=\"wp-block-themeisle-blocks-accordion-item__content\">\n<p style=\"font-size:17px\">Der aktuelle Lehrplan der 11. Klasse, Gymnasium Bayern, setzt sich aus folgenden Bestandteilen zusammen: <\/p>\n\n\n\n<ul style=\"font-size:17px\" class=\"wp-block-list\">\n<li>Spezielle Eigenschaften von Funktionen<\/li>\n\n\n\n<li>Gebrochen-rationale Funktionen - Grenzwerte und Asymptoten<\/li>\n\n\n\n<li>Bedingte Wahrscheinlichkeit und stochastische Unabh\u00e4ngigkeit<\/li>\n\n\n\n<li>Grundlagen der Differentialrechnung\n<ul class=\"wp-block-list\">\n<li>Lokales und globales Differenzieren<\/li>\n\n\n\n<li>Anwendung der Differentialrechnung bei der Untersuchung ganzrationaler Funktionen <\/li>\n<\/ul>\n<\/li>\n<\/ul>\n\n\n\n<p style=\"font-size:17px\">Detailliertere Inhalte, Kompetenzerwartungen und eine ungef\u00e4hre Angabe der Unterrichtsstunden zu den jeweiligen Bereichen k\u00f6nnen der Internetseite des Staatsinstituts f\u00fcr Schulqualit\u00e4t und Bildungsforschung M\u00fcnchen entnommen werden: <a href=\"https:\/\/www.lehrplanplus.bayern.de\/fachlehrplan\/gymnasium\/11\/mathematik\" target=\"_blank\" rel=\"noreferrer noopener\">https:\/\/www.lehrplanplus.bayern.de\/fachlehrplan\/gymnasium\/11\/mathematik<\/a><\/p>\n<\/div><\/details>\n\n\n\n<details class=\"wp-block-themeisle-blocks-accordion-item\"><summary class=\"wp-block-themeisle-blocks-accordion-item__title\"><div>12. Klasse<\/div><\/summary><div class=\"wp-block-themeisle-blocks-accordion-item__content\">\n<p style=\"font-size:17px\">Der aktuelle Lehrplan der 12. Klasse, Gymnasium Bayern, setzt sich aus folgenden Bestandteilen zusammen: <\/p>\n\n\n\n<ul style=\"font-size:17px\" class=\"wp-block-list\">\n<li>Untersuchung von Funktionen - Stammfunktion, Produkt- und Kettenregel \n<ul class=\"wp-block-list\">\n<li>Ganzrationale Funktionen (mit Parametern)<\/li>\n\n\n\n<li>Nat\u00fcrliche Exponentialfunktion<\/li>\n\n\n\n<li>Sinus- und Kosinusfunktion<\/li>\n<\/ul>\n<\/li>\n\n\n\n<li>Zufallsgr\u00f6\u00dfen und Binomialverteilung<\/li>\n\n\n\n<li>Einseitiger Signifikanztest (bei als binomialverteilt angenommenen Merkmalen) <\/li>\n\n\n\n<li>Untersuchung von Funktionen - Quotientenregel, Umkehrfunktion\n<ul class=\"wp-block-list\">\n<li>Gebrochen-rationale Funktionen<\/li>\n\n\n\n<li>Wurzelfunktion<\/li>\n\n\n\n<li>Nat\u00fcrliche Logarithmusfunktion<\/li>\n<\/ul>\n<\/li>\n\n\n\n<li>Grundlagen der Koordinatengeometrie im Raum <\/li>\n<\/ul>\n\n\n\n<p style=\"font-size:17px\">Detailliertere Inhalte, Kompetenzerwartungen und eine ungef\u00e4hre Angabe der Unterrichtsstunden zu den jeweiligen Bereichen k\u00f6nnen der Internetseite des Staatsinstituts f\u00fcr Schulqualit\u00e4t und Bildungsforschung M\u00fcnchen entnommen werden: <a href=\"https:\/\/www.lehrplanplus.bayern.de\/fachlehrplan\/gymnasium\/12\/mathematik\/regulaer\" target=\"_blank\" rel=\"noreferrer noopener\">https:\/\/www.lehrplanplus.bayern.de\/fachlehrplan\/gymnasium\/12\/mathematik\/regulaer<\/a><\/p>\n<\/div><\/details>\n\n\n\n<details class=\"wp-block-themeisle-blocks-accordion-item\"><summary class=\"wp-block-themeisle-blocks-accordion-item__title\"><div>13. Klasse<\/div><\/summary><div class=\"wp-block-themeisle-blocks-accordion-item__content\">\n<p style=\"font-size:17px\">Der aktuelle Lehrplan der 13. Klasse, Gymnasium Bayern, setzt sich aus folgenden Bestandteilen zusammen: <\/p>\n\n\n\n<ul style=\"font-size:17px\" class=\"wp-block-list\">\n<li>Fl\u00e4cheninhalt und bestimmtes Integral<\/li>\n\n\n\n<li>Normalverteilung<\/li>\n\n\n\n<li>Geraden und Ebenen im Raum<\/li>\n\n\n\n<li>Anwendungen der Differential- und Integralrechnung <\/li>\n<\/ul>\n\n\n\n<p style=\"font-size:17px\">Detailliertere Inhalte, Kompetenzerwartungen und eine ungef\u00e4hre Angabe der Unterrichtsstunden zu den jeweiligen Bereichen k\u00f6nnen der Internetseite des Staatsinstituts f\u00fcr Schulqualit\u00e4t und Bildungsforschung M\u00fcnchen entnommen werden: <a href=\"https:\/\/www.lehrplanplus.bayern.de\/fachlehrplan\/gymnasium\/13\/mathematik\" target=\"_blank\" rel=\"noreferrer noopener\">https:\/\/www.lehrplanplus.bayern.de\/fachlehrplan\/gymnasium\/13\/mathematik<\/a><\/p>\n<\/div><\/details>\n<\/div>\n<\/div>","protected":false},"excerpt":{"rendered":"<p>Overview This page lists the prior teaching experience and further professional background Currently available time slots (please click on grade) No match? Please contact me for further availability The curriculum of each grade and further information:<\/p>","protected":false},"author":1,"featured_media":0,"parent":0,"menu_order":0,"comment_status":"closed","ping_status":"closed","template":"","meta":{"_themeisle_gutenberg_block_has_review":false,"footnotes":""},"class_list":["post-508","page","type-page","status-publish","hentry"],"_links":{"self":[{"href":"https:\/\/stefanduermeier.com\/de\/wp-json\/wp\/v2\/pages\/508","targetHints":{"allow":["GET"]}}],"collection":[{"href":"https:\/\/stefanduermeier.com\/de\/wp-json\/wp\/v2\/pages"}],"about":[{"href":"https:\/\/stefanduermeier.com\/de\/wp-json\/wp\/v2\/types\/page"}],"author":[{"embeddable":true,"href":"https:\/\/stefanduermeier.com\/de\/wp-json\/wp\/v2\/users\/1"}],"replies":[{"embeddable":true,"href":"https:\/\/stefanduermeier.com\/de\/wp-json\/wp\/v2\/comments?post=508"}],"version-history":[{"count":49,"href":"https:\/\/stefanduermeier.com\/de\/wp-json\/wp\/v2\/pages\/508\/revisions"}],"predecessor-version":[{"id":1049,"href":"https:\/\/stefanduermeier.com\/de\/wp-json\/wp\/v2\/pages\/508\/revisions\/1049"}],"wp:attachment":[{"href":"https:\/\/stefanduermeier.com\/de\/wp-json\/wp\/v2\/media?parent=508"}],"curies":[{"name":"wp","href":"https:\/\/api.w.org\/{rel}","templated":true}]}}