{"id":712,"date":"2024-09-24T13:42:38","date_gmt":"2024-09-24T13:42:38","guid":{"rendered":"https:\/\/stefanduermeier.com\/?page_id=712"},"modified":"2024-09-29T14:45:33","modified_gmt":"2024-09-29T14:45:33","slug":"imprint","status":"publish","type":"page","link":"https:\/\/stefanduermeier.com\/de\/imprint\/","title":{"rendered":"Impressum"},"content":{"rendered":"<div class=\"wp-block-group is-layout-flow wp-block-group-is-layout-flow\" style=\"margin-top:0px;margin-bottom:0px;padding-top:64px;padding-bottom:64px\">\n<p style=\"font-size:17px\"><strong>Stefan D\u00fcrmeier \u2013 Makro\u00f6konomische Forschung und Mathematik Nachhilfe <\/strong><\/p>\n\n\n\n<p style=\"font-size:17px\">Stefan D\u00fcrmeier<\/p>\n\n\n\n<p style=\"font-size:17px\"><strong>Postadresse<\/strong>: <\/p>\n\n\n\n<p style=\"font-size:17px\">K\u00f6nigswarterstr. 18<\/p>\n\n\n\n<p style=\"font-size:17px\">90762 F\u00fcrth <\/p>\n\n\n\n<p style=\"font-size:17px\">Deutschland<\/p>\n\n\n\n<p style=\"font-size:17px\"><strong>Email<\/strong>: info@stefanduermeier.com<\/p>\n\n\n\n<p style=\"font-size:17px\"><strong>Mobiltelefon<\/strong>: 0049 163 9707684<\/p>\n<\/div>","protected":false},"excerpt":{"rendered":"<p>Stefan D\u00fcrmeier &#8211; Makro\u00f6konomische Forschung und Mathematik Nachhilfe Stefan D\u00fcrmeier Postal Address: K\u00f6nigswarterstr. 18 90762 F\u00fcrth Germany Email: info@stefanduermeier.com Mobile Phone: 0049 163 9707684<\/p>","protected":false},"author":1,"featured_media":0,"parent":0,"menu_order":0,"comment_status":"closed","ping_status":"closed","template":"","meta":{"_themeisle_gutenberg_block_has_review":false,"footnotes":""},"class_list":["post-712","page","type-page","status-publish","hentry"],"_links":{"self":[{"href":"https:\/\/stefanduermeier.com\/de\/wp-json\/wp\/v2\/pages\/712","targetHints":{"allow":["GET"]}}],"collection":[{"href":"https:\/\/stefanduermeier.com\/de\/wp-json\/wp\/v2\/pages"}],"about":[{"href":"https:\/\/stefanduermeier.com\/de\/wp-json\/wp\/v2\/types\/page"}],"author":[{"embeddable":true,"href":"https:\/\/stefanduermeier.com\/de\/wp-json\/wp\/v2\/users\/1"}],"replies":[{"embeddable":true,"href":"https:\/\/stefanduermeier.com\/de\/wp-json\/wp\/v2\/comments?post=712"}],"version-history":[{"count":8,"href":"https:\/\/stefanduermeier.com\/de\/wp-json\/wp\/v2\/pages\/712\/revisions"}],"predecessor-version":[{"id":759,"href":"https:\/\/stefanduermeier.com\/de\/wp-json\/wp\/v2\/pages\/712\/revisions\/759"}],"wp:attachment":[{"href":"https:\/\/stefanduermeier.com\/de\/wp-json\/wp\/v2\/media?parent=712"}],"curies":[{"name":"wp","href":"https:\/\/api.w.org\/{rel}","templated":true}]}}