{"id":730,"date":"2024-09-26T05:06:15","date_gmt":"2024-09-26T05:06:15","guid":{"rendered":"https:\/\/stefanduermeier.com\/?page_id=730"},"modified":"2024-10-03T14:16:53","modified_gmt":"2024-10-03T14:16:53","slug":"privacy-policy","status":"publish","type":"page","link":"https:\/\/stefanduermeier.com\/de\/privacy-policy\/","title":{"rendered":"Datenschutzerkl\u00e4rung"},"content":{"rendered":"<p style=\"font-size:17px\">In dieser Datenschutzerkl\u00e4rung werden Sie \u00fcber die Verarbeitung Ihrer personenbezogenen Daten informiert. Personenbezogene Daten sind hierbei alle Daten, mit denen Sie pers\u00f6nlich identifiziert werden k\u00f6nnen.<\/p>\n\n\n\n<p style=\"font-size:17px\"><strong>Hinweise zum Datenschutz<\/strong><\/p>\n\n\n\n<p style=\"font-size:17px\">Der Betreiber dieser Website nimmt den Schutz Ihrer pers\u00f6nlichen Daten sehr ernst. Ihre personenbezogenen Daten werden vertraulich behandelt und entsprechend den gesetzlichen Datenschutzvorschriften sowie dieser Datenschutzerkl\u00e4rung.<\/p>\n\n\n\n<p style=\"font-size:17px\">Es wird darauf hingewiesen, dass die Daten\u00fcbertragung im Internet (z. B. bei der Kommunikation per E-Mail oder der Nutzung ungesch\u00fctzter WLAN-Hot-Spots) Sicherheitsl\u00fccken aufweisen kann. Ein l\u00fcckenloser Schutz der Daten vor dem Zugriff durch Dritte ist nicht m\u00f6glich.<\/p>\n\n\n\n<h4 class=\"wp-block-heading\" style=\"font-size:17px\">Verantwortliche Person<\/h4>\n\n\n\n<p style=\"font-size:17px\">Verantwortlicher f\u00fcr die Datenverarbeitung auf der Website im Sinne der Datenschutz-Grundverordnung (DSGVO) ist der Betreiber der Website: Stefan D\u00fcrmeier, Stefan D\u00fcrmeier \u2013 Makro\u00f6konomische Forschung und Mathematik Nachhilfe, K\u00f6nigswarterstra\u00dfe 18, 90762 F\u00fcrth, Deutschland, Mobil-Tel.: 0049 163 9707684, E-Mail: info@stefanduermeier.com. Der f\u00fcr die Verarbeitung von personenbezogenen Daten Verantwortliche ist diejenige nat\u00fcrliche oder juristische Person, die allein oder gemeinsam mit anderen \u00fcber die Zwecke und Mittel der Verarbeitung von personenbezogenen Daten entscheidet.<\/p>\n\n\n\n<p style=\"font-size:17px\"><strong>Speicherdauer<\/strong><\/p>\n\n\n\n<p style=\"font-size:17px\">Soweit innerhalb dieser Datenschutzerkl\u00e4rung keine speziellere Speicherdauer genannt wurde, verbleiben Ihre personenbezogenen Daten bei dem Betreiber der Website, bis der Zweck f\u00fcr die Datenverarbeitung entf\u00e4llt. Wenn Sie ein berechtigtes L\u00f6schersuchen geltend machen oder eine Einwilligung zur Datenverarbeitung widerrufen, werden Ihre Daten gel\u00f6scht, sofern keine anderen rechtlich zul\u00e4ssigen Gr\u00fcnde f\u00fcr die Speicherung Ihrer personenbezogenen Daten dem entgegenstehen (z. B. steuer- oder handelsrechtliche Aufbewahrungsfristen); im letztgenannten Fall erfolgt die L\u00f6schung nach Fortfall dieser Gr\u00fcnde.<\/p>\n\n\n\n<p style=\"font-size:17px\"><strong>SSL-Verschl\u00fcsselung<\/strong><\/p>\n\n\n\n<p style=\"font-size:17px\">Diese Seite nutzt aus Sicherheitsgr\u00fcnden und zum Schutz der \u00dcbertragung vertraulicher Inhalte, wie zum Beispiel Anfragen, die Sie an den Seitenbetreiber senden, eine SSL-Verschl\u00fcsselung.<\/p>\n\n\n\n<p style=\"font-size:17px\">Eine verschl\u00fcsselte Verbindung erkennen Sie daran, dass die Adresszeile des Browsers von \u201ehttp:\/\/\u201c auf \u201ehttps:\/\/\u201c wechselt und an dem Schloss-Symbol in Ihrer Browserzeile. Wenn die SSL-Verschl\u00fcsselung aktiviert ist, k\u00f6nnen die Daten, die Sie an den Betreiber der Website \u00fcbermitteln, nicht von Dritten mitgelesen werden.<\/p>\n\n\n\n<h4 class=\"wp-block-heading\" style=\"font-size:17px\">Hosting<\/h4>\n\n\n\n<h4 class=\"wp-block-heading\" style=\"font-size:17px\">Strato<\/h4>\n\n\n\n<p style=\"font-size:17px\">Das Hosting dieser Website erfolgt bei dem Auftragsverarbeiter Strato, Strato AG, Otto-Ostrowski-Stra\u00dfe 7, 10249 Berlin, Deutschland.<\/p>\n\n\n\n<p style=\"font-size:17px\">Zum Zweck der Bereitstellung und der Auslieferung der Website werden Verbindungsdaten verarbeitet. Zum blo\u00dfen Zweck der Auslieferung und Bereitstellung der Website werden die Daten \u00fcber den Aufruf hinaus nicht gespeichert.<\/p>\n\n\n\n<p style=\"font-size:17px\">Die Rechtsgrundlage f\u00fcr die Datenverarbeitung ist das berechtigte Interesse (unbedingte technische Notwendigkeit zur Bereitstellung und Auslieferung des von Ihnen durch Ihren Aufruf ausdr\u00fccklich gew\u00fcnschten Dienstes \u201eWebsite\u201d) gem\u00e4\u00df Art. 6 Abs. 1 lit. f DSGVO. Sofern eine entsprechende Einwilligung abgefragt wurde, erfolgt die Verarbeitung ausschlie\u00dflich auf Grundlage von Art. 6 Abs. 1 lit. a DSGVO und \u00a7 25 Abs. 1 TDDDG, soweit die Einwilligung die Speicherung von Cookies oder den Zugriff auf Informationen im Endger\u00e4t des Nutzers (z. B. Device-Fingerprinting) im Sinne des TDDDG umfasst. Die Einwilligung ist jederzeit widerrufbar.<\/p>\n\n\n\n<p style=\"font-size:17px\">Zum Betrieb der Website werden die Verbindungsdaten und weitere personenbezogenen Daten zus\u00e4tzlich im Rahmen diverser anderer Funktionen bzw. Dienste verarbeitet. Dar\u00fcber wird im Rahmen dieser Datenschutzerkl\u00e4rung bei den einzelnen Funktionen bzw. Diensten informiert.<\/p>\n\n\n\n<p style=\"font-size:17px\">Wir haben einen Vertrag \u00fcber Auftragsverarbeitung (AVV) zur Nutzung des oben genannten Dienstes geschlossen. Hierbei handelt es sich um einen datenschutzrechtlich vorgeschriebenen Vertrag, der gew\u00e4hrleistet, dass dieser die personenbezogenen Daten der Websitebesucher nur nach unseren Weisungen und unter Einhaltung der DSGVO verarbeitet.<\/p>\n\n\n\n<h4 class=\"wp-block-heading\" style=\"font-size:17px\">Server Log-Daten<\/h4>\n\n\n\n<p style=\"font-size:17px\">Zum Zweck der \u00dcberwachung der technischen Funktion und zur Erh\u00f6hung der Betriebssicherheit unseres Webhosts Strato werden Verbindungsdaten verarbeitet. Folgende Log-Daten werden erhoben:<\/p>\n\n\n\n<p style=\"font-size:17px\">\u2022 Die Domain der besuchten Website https:\/\/stefanduermeier.com<\/p>\n\n\n\n<p style=\"font-size:17px\">\u2022 Anonymisierte Client-IP<\/p>\n\n\n\n<p style=\"font-size:17px\">\u2022 Datum und Uhrzeit zum Zeitpunkt des Zugriffes<\/p>\n\n\n\n<p style=\"font-size:17px\">\u2022 Request-Zeile<\/p>\n\n\n\n<p style=\"font-size:17px\">\u2022 Status Code<\/p>\n\n\n\n<p style=\"font-size:17px\">&nbsp;\u2022 Menge der gesendeten Daten in Byte<\/p>\n\n\n\n<p style=\"font-size:17px\">\u2022 Quelle\/Verweis, von welchem Sie auf die Seite gelangten<\/p>\n\n\n\n<p style=\"font-size:17px\">\u2022 User Agent, der vom Client gesendet wurde, wie zum Beispiel verwendeter Browser und verwendetes Betriebssystem<\/p>\n\n\n\n<p style=\"font-size:17px\">Die Dauer der Verarbeitung ist auf 7 Tage beschr\u00e4nkt. Weitere Informationen entnehmen Sie der Datenschutzerkl\u00e4rung von Strato auf: https:\/\/www.strato.de\/datenschutz\/.<\/p>\n\n\n\n<p style=\"font-size:17px\">Die Rechtsgrundlage f\u00fcr die Datenverarbeitung ist das berechtigte Interesse (unbedingte technische Notwendigkeit eines Server Log Files als grundlegende Datenbasis zur Fehleranalyse und f\u00fcr Sicherheitsma\u00dfnahmen im Rahmen des durch Ihren Aufruf ausdr\u00fccklich gew\u00fcnschten Dienstes \u201eWebsite\u201d) gem\u00e4\u00df Art. 6 Abs. 1 lit. f DSGVO.<\/p>\n\n\n\n<h3 class=\"wp-block-heading\" style=\"font-size:17px\">Anfrage per Email oder Anruf<\/h3>\n\n\n\n<p style=\"font-size:17px\">Wenn Sie uns per E-Mail oder Telefon kontaktieren, wird Ihre Anfrage inklusive aller daraus hervorgehenden personenbezogenen Daten (Name, Anfrage) zum Zwecke der Bearbeitung Ihres Anliegens bei uns gespeichert und verarbeitet. Diese Daten geben wir nicht ohne Ihre Einwilligung weiter.<\/p>\n\n\n\n<p style=\"font-size:17px\">Die Verarbeitung dieser Daten erfolgt auf Grundlage von Art. 6 Abs. 1 lit. b DSGVO, sofern Ihre Anfrage mit der Erf\u00fcllung eines Vertrags zusammenh\u00e4ngt oder zur Durchf\u00fchrung vorvertraglicher Ma\u00dfnahmen erforderlich ist. In allen \u00fcbrigen F\u00e4llen beruht die Verarbeitung auf unserem berechtigten Interesse an der effektiven Bearbeitung der an uns gerichteten Anfragen (Art. 6 Abs. 1 lit. f DSGVO) oder auf Ihrer Einwilligung (Art. 6 Abs. 1 lit. a DSGVO) sofern diese abgefragt wurde; die Einwilligung ist jederzeit widerrufbar.<\/p>\n\n\n\n<p style=\"font-size:17px\">Die von Ihnen an uns per Kontaktanfragen \u00fcbersandten Daten verbleiben bei uns, bis Sie uns zur L\u00f6schung auffordern, Ihre Einwilligung zur Speicherung widerrufen oder der Zweck f\u00fcr die Datenspeicherung entf\u00e4llt (z. B. nach abgeschlossener Bearbeitung Ihres Anliegens). \nZwingende gesetzliche Bestimmungen, insbesondere gesetzliche Aufbewahrungsfristen,  bleiben unber\u00fchrt.<\/p>\n\n\n\n<h3 class=\"wp-block-heading\" style=\"font-size:17px\">Analyse-Tool Statify<\/h3>\n\n\n\n<p style=\"font-size:17px\">Diese Website nutzt den Webanalysedienst Statify, um die Nutzung der Website analysieren und regelm\u00e4\u00dfig verbessern zu k\u00f6nnen. \u00dcber die gewonnenen Statistiken kann das Angebot verbessert werden und f\u00fcr Sie als Nutzer interessanter ausgestaltet werden. Die Nutzung dieses Analyse-Tools erfolgt auf Grundlage von Art. 6 Abs. 1 lit. f DSGVO.<\/p>\n\n\n\n<p style=\"font-size:17px\">Statify ist DSGVO datenschutzkonform. Es nutzt weder Cookies noch einen Drittanbieter. Statify z\u00e4hlt Seitenaufrufe und keine Besucher. Das Plugin verarbeitet und speichert keine personenbezogenen Daten wie IP-Adressen. Weitere Informationen zum Datenschutz erhalten Sie auf der Seite: https:\/\/de.wordpress.org\/plugins\/statify\/.<\/p>\n\n\n\n<h4 class=\"wp-block-heading\" style=\"font-size:17px\">Widerspruchsrecht<\/h4>\n\n\n\n<p style=\"font-size:17px\">Sofern die Verarbeitung Ihrer personenbezogenen Daten auf Grundlage des berechtigten Interesses erfolgt, haben Sie das Recht gegen diese Verarbeitung zu widersprechen.<\/p>\n\n\n\n<p style=\"font-size:17px\">Sofern keine zwingenden schutzw\u00fcrdigen Gr\u00fcnde f\u00fcr die Verarbeitung auf unserer Seite vorliegen, wird die Verarbeitung Ihrer Daten auf Basis dieser Rechtsgrundlage eingestellt.<\/p>\n\n\n\n<p style=\"font-size:17px\">Die Rechtm\u00e4\u00dfigkeit der bis zum Widerspruch verarbeiteten Daten wird durch den Widerspruch nicht ber\u00fchrt.<\/p>\n\n\n\n<h4 class=\"wp-block-heading\" style=\"font-size:17px\">Widerrufsrecht<\/h4>\n\n\n\n<p style=\"font-size:17px\">Sie haben das Recht, eine bereits erteilte Einwilligung jederzeit zu widerrufen, indem Sie die Datenschutzeinstellungen \u00e4ndern.<\/p>\n\n\n\n<p style=\"font-size:17px\">Die Rechtm\u00e4\u00dfigkeit der bis zum Widerruf verarbeiteten Daten wird durch den Widerruf nicht ber\u00fchrt.<\/p>\n\n\n\n<h4 class=\"wp-block-heading\" style=\"font-size:17px\">Betroffenenrechte<\/h4>\n\n\n\n<p style=\"font-size:17px\">Sie haben zudem das Recht auf Auskunft, Berichtigung, L\u00f6schung und Einschr\u00e4nkung der Verarbeitung der personenbezogenen Daten.<\/p>\n\n\n\n<p style=\"font-size:17px\">Soweit die Rechtsgrundlage der Verarbeitung Ihrer personenbezogenen Daten in Ihrer Einwilligung oder in einem mit Ihnen abgeschlossenen Vertrag besteht, haben Sie \u00fcberdies das Recht auf Daten\u00fcbertragbarkeit.<\/p>\n\n\n\n<p style=\"font-size:17px\">Weiters haben Sie das Recht auf Beschwerde bei der Aufsichtsbeh\u00f6rde. N\u00e4here Informationen zu den Aufsichtsbeh\u00f6rden in der Europ\u00e4ischen Union finden Sie auf: <\/p>\n\n\n\n<p style=\"font-size:17px\">https:\/\/ec.europa.eu\/justice\/article-29\/structure\/data-protection-authorities\/index_en.htm<\/p>\n\n\n\n<p style=\"font-size:17px\"><strong>Cookies<\/strong><\/p>\n\n\n\n<p style=\"font-size:17px\">Unsere Website verwendet so genannte \u201eCookies\u201c. Cookies sind kleine Datenpakete. Sie werden entweder vor\u00fcbergehend f\u00fcr die Dauer einer Sitzung (Session-Cookies) oder dauerhaft (permanente Cookies) auf Ihrem Endger\u00e4t gespeichert. Session-Cookies werden nach Ende Ihres Besuchs automatisch gel\u00f6scht. Permanente Cookies bleiben auf Ihrem Endger\u00e4t gespeichert, bis Sie diese selbst l\u00f6schen oder eine automatische L\u00f6schung durch Ihren Webbrowser erfolgt.<\/p>\n\n\n\n<p style=\"font-size:17px\">Cookies haben verschiedene Funktionen. Zahlreiche Cookies sind technisch notwendig, da bestimmte Webseitenfunktionen ohne diese nicht funktionieren w\u00fcrden. Andere Cookies k\u00f6nnen zur Auswertung des Nutzerverhaltens oder zu Werbezwecken verwendet werden.<\/p>\n\n\n\n<p style=\"font-size:17px\">Der Websitebetreiber hat ein berechtigtes Interesse an der Speicherung von notwendigen Cookies zur technisch fehlerfreien und optimierten Bereitstellung seiner Dienste. Die Cookies werden auf Grundlage von Art. 6 Abs. 1 lit. f DSGVO gespeichert, sofern keine andere Rechtsgrundlage angegeben wird. Sofern eine Einwilligung zur Speicherung von Cookies und vergleichbaren Wiedererkennungstechnologien abgefragt wurde, erfolgt die Verarbeitung ausschlie\u00dflich auf Grundlage dieser Einwilligung. In diesem Fall ist die rechtliche Grundlage Art. 6 Abs. 1 lit. a DSGVO und \u00a7 25 Abs. 1 TDDDG; die Einwilligung ist jederzeit widerrufbar.<\/p>\n\n\n\n<p style=\"font-size:17px\">Weiterf\u00fchrende Informationen zu Cookies und der Vewendung von Cookies auf unserer Website, mit der M\u00f6glichkeit Ihre Cookie Einstellungen zu \u00e4ndern, sind der <a href=\"https:\/\/stefanduermeier.com\/de\/cookie-policy-eu\/\" data-type=\"page\" data-id=\"765\" target=\"_blank\" rel=\"noreferrer noopener\">Cookie-Erkl\u00e4rung<\/a> auf folgender Seite zu entnehmen: <\/p>\n\n\n\n<p style=\"font-size:17px\">https:\/\/stefanduermeier.com\/de\/cookie-policy-eu\/.<\/p>\n\n\n\n<p style=\"font-size:17px\"><strong>Cookie-Einwilligung mit COMPLIANZ<\/strong><\/p>\n\n\n\n<p style=\"font-size:17px\">Unsere Website nutzt die Cookie-Consent-Technologie von \u201eComplianz GDPR\/CCPA Cookie Consent\u201c, um Ihre Einwilligung zur Speicherung bestimmter Cookies in Ihrem Browser einzuholen und diese datenschutzkonform zu dokumentieren. Anbieter dieser Technologie ist Complianz B.V., Kalmarweg 14-5, 9723 JG Groningen, Niederlande (nachfolgend \u201eComplianz\u201c).<\/p>\n\n\n\n<p style=\"font-size:17px\">Wenn Sie unsere Website betreten, wird ein Complianz-Cookie in Ihrem Browser gespeichert, in dem die von Ihnen erteilten Einwilligungen oder der Widerruf dieser Einwilligungen gespeichert werden.<\/p>\n\n\n\n<p style=\"font-size:17px\">Die erfassten Daten werden gespeichert, bis Sie uns zur L\u00f6schung auffordern bzw. das Complianz-Cookie selbst l\u00f6schen oder der Zweck f\u00fcr die Datenspeicherung entf\u00e4llt.<\/p>\n\n\n\n<p style=\"font-size:17px\">Zwingende gesetzliche Aufbewahrungsfristen bleiben unber\u00fchrt. Details zur Datenverarbeitung von Complianz finden Sie unter: https:\/\/complianz.io\/privacy-statement.<\/p>\n\n\n\n<p style=\"font-size:17px\">Der Einsatz der Complianz-Cookie-Consent-Technologie erfolgt, um die gesetzlich vorgeschriebenen Einwilligungen f\u00fcr den Einsatz von Cookies einzuholen. Rechtsgrundlage hierf\u00fcr ist Art. 6 Abs. 1 lit. c DSGVO.<\/p>\n\n\n\n<p style=\"font-size:17px\"><strong>Weitere Plugins und Tools: Wordfence<\/strong><\/p>\n\n\n\n<p style=\"font-size:17px\">Der Seitenbetreiber hat Wordfence auf dieser Website eingebunden. Anbieter ist Defiant Inc., 1700 Westlake Ave N Ste 200, Seattle, WA 98109, USA (nachfolgend \u201eWordfence\u201c).<\/p>\n\n\n\n<p style=\"font-size:17px\">Wordfence dient dem Schutz unserer Website vor unerw\u00fcnschten Zugriffen oder b\u00f6sartigen\nCyberattacken. Zu diesem Zweck stellt unsere Website eine dauerhafte Verbindung zu den Servern von Wordfence her, damit Wordfence seine Datenbanken mit den auf unserer Website get\u00e4tigten Zugriffen abgleichen und ggf. blockieren kann.<\/p>\n\n\n\n<p style=\"font-size:17px\">Die Verwendung von Wordfence erfolgt auf Grundlage von Art. 6 Abs. 1 lit. f DSGVO. Der Websitebetreiber hat ein berechtigtes Interesse an einem m\u00f6glichst effektiven Schutz seiner Website vor Cyberattacken. Sofern eine entsprechende Einwilligung abgefragt wurde, erfolgt die Verarbeitung ausschlie\u00dflich auf Grundlage von Art. 6 Abs. 1 lit. a DSGVO und \u00a7 25 Abs. 1 TDDDG, soweit die Einwilligung die Speicherung von Cookies oder den Zugriff auf Informationen im Endger\u00e4t des Nutzers (z. B. Device-Fingerprinting) im Sinne des TDDDG umfasst. Die Einwilligung ist jederzeit widerrufbar.<\/p>\n\n\n\n<p style=\"font-size:17px\">Wordfence \u00fcbertr\u00e4gt die IP-Adresse des Besuchers der Website nicht an den Wordfence-Cloud-Dienst (in den USA), da die <em>Real-Time Wordfence Security Network<\/em> Option f\u00fcr die Website deaktiviert wurde.<\/p>\n\n\n\n<p style=\"font-size:17px\">Die Daten\u00fcbertragung in die USA wird auf die Standardvertragsklauseln der EU-Kommission gest\u00fctzt. Details finden Sie hier: https:\/\/www.wordfence.com\/help\/general-data-protection-regulation\/.<\/p>\n\n\n\n<p style=\"font-size:17px\">Wir haben einen Vertrag \u00fcber Auftragsverarbeitung (AVV) zur Nutzung des oben genannten Dienstes geschlossen. Hierbei handelt es sich um einen datenschutzrechtlich vorgeschriebenen Vertrag, der gew\u00e4hrleistet, dass dieser die personenbezogenen Daten der Websitebesucher nur nach unseren Weisungen und unter Einhaltung der DSGVO verarbeitet.<\/p>\n\n\n\n<p><\/p>","protected":false},"excerpt":{"rendered":"<p>In this privacy policy, you are informed about the processing of your personal data. Personal data is all data with which you can be personally identified. Notes on data protection The operator of this site takes the protection of your personal data very seriously. Your personal data will be treated confidentially and in accordance with [&hellip;]<\/p>\n","protected":false},"author":1,"featured_media":0,"parent":0,"menu_order":0,"comment_status":"closed","ping_status":"closed","template":"","meta":{"_themeisle_gutenberg_block_has_review":false,"footnotes":""},"class_list":["post-730","page","type-page","status-publish","hentry"],"_links":{"self":[{"href":"https:\/\/stefanduermeier.com\/de\/wp-json\/wp\/v2\/pages\/730","targetHints":{"allow":["GET"]}}],"collection":[{"href":"https:\/\/stefanduermeier.com\/de\/wp-json\/wp\/v2\/pages"}],"about":[{"href":"https:\/\/stefanduermeier.com\/de\/wp-json\/wp\/v2\/types\/page"}],"author":[{"embeddable":true,"href":"https:\/\/stefanduermeier.com\/de\/wp-json\/wp\/v2\/users\/1"}],"replies":[{"embeddable":true,"href":"https:\/\/stefanduermeier.com\/de\/wp-json\/wp\/v2\/comments?post=730"}],"version-history":[{"count":13,"href":"https:\/\/stefanduermeier.com\/de\/wp-json\/wp\/v2\/pages\/730\/revisions"}],"predecessor-version":[{"id":821,"href":"https:\/\/stefanduermeier.com\/de\/wp-json\/wp\/v2\/pages\/730\/revisions\/821"}],"wp:attachment":[{"href":"https:\/\/stefanduermeier.com\/de\/wp-json\/wp\/v2\/media?parent=730"}],"curies":[{"name":"wp","href":"https:\/\/api.w.org\/{rel}","templated":true}]}}